{"id":76,"date":"2013-05-22T13:07:41","date_gmt":"2013-05-22T12:07:41","guid":{"rendered":"http:\/\/www.lesventsdanches.fr\/?page_id=76"},"modified":"2023-04-08T09:03:09","modified_gmt":"2023-04-08T08:03:09","slug":"ensemble-de-clarinettes","status":"publish","type":"page","link":"https:\/\/www.lesventsdanches.fr\/ensemble-de-clarinettes\/","title":{"rendered":"L&rsquo;ensemble de clarinettes \u00ab\u00a0Les Vents d&rsquo;Anches\u00a0\u00bb vous souhaitent la bienvenue !"},"content":{"rendered":"<h3 class=\"accueil\" style=\"text-align: justify;\"><span style=\"color: #663366;\"><img loading=\"lazy\" decoding=\"async\" class=\"alignleft wp-image-775\" src=\"http:\/\/www.lesventsdanches.fr\/wp-content\/uploads\/2013\/05\/Logo-LVDA-rond-inclin\u00e9-d\u00e9finitif_WEB.png\" alt=\"Ensemble de clarinettes Les Vents d'Anches\" width=\"171\" height=\"171\" srcset=\"https:\/\/www.lesventsdanches.fr\/wp-content\/uploads\/2013\/05\/Logo-LVDA-rond-inclin\u00e9-d\u00e9finitif_WEB.png 357w, https:\/\/www.lesventsdanches.fr\/wp-content\/uploads\/2013\/05\/Logo-LVDA-rond-inclin\u00e9-d\u00e9finitif_WEB-150x150.png 150w, https:\/\/www.lesventsdanches.fr\/wp-content\/uploads\/2013\/05\/Logo-LVDA-rond-inclin\u00e9-d\u00e9finitif_WEB-300x300.png 300w\" sizes=\"auto, (max-width: 171px) 100vw, 171px\" \/>Notre groupe est un ensemble de clarinettes qui se compose de huit musiciens amateurs unis par l&rsquo;amiti\u00e9 et une passion commune pour la clarinette.<\/span><\/h3>\n<p style=\"text-align: justify;\">Lors de nos concerts, un large \u00e9ventail d&rsquo;instruments est repr\u00e9sent\u00e9, tous issus de la grande famille de la clarinette: de la petite clarinette en mi b\u00e9mol \u00e0 la clarinette contralto, vous entendrez des sonorit\u00e9s riches et diversifi\u00e9es.<\/p>\n<p style=\"text-align: justify;\">Chaque repr\u00e9sentation est pour nous l&rsquo;occasion de vous faire partager un moment agr\u00e9able, dans une ambiance ludique et familiale.<\/p>\n<p style=\"text-align: justify;\"><span style=\"font-size: 1rem;\"><span style=\"line-height: 1.714285714; font-size: 1rem;\">Nous pr\u00e9parons et renouvelons chaque ann\u00e9e un r\u00e9pertoire vari\u00e9 et accessible \u00e0 tous. Des\u00a0\u0153uvres\u00a0classiques, de la musique l\u00e9g\u00e8re, traditionnelle, ainsi que des partitions plus \u00ab\u00a0jazzy\u00a0\u00bb se c\u00f4toient sur nos programmes, sous la forme de pi\u00e8ces originales, transcriptions et compositions de certains membres du groupe (cf. <\/span><a style=\"line-height: 1.714285714; font-size: 1rem;\" title=\"Extraits sonores\" href=\"http:\/\/www.lesventsdanches.fr\/ensemble-de-clarinettes\/extraits-sonores\/\">Extraits sonores<\/a><span style=\"line-height: 1.714285714; font-size: 1rem;\">).<\/span><\/span><\/p>\n<p style=\"text-align: justify;\"><script>\/* <![CDATA[ *\/ portfolio_slideshow.slideshows[131] = {\"timeout\":\"3000\",\"autoplay\":1,\"trans\":\"fade\",\"loop\":1,\"speed\":\"200\",\"nowrap\":1}; \/* ]]> *\/<\/script><div id=\"slideshow-wrapper131\" class=\"slideshow-wrapper clearfix portfolio-slideshow-centered\">\n<div id=\"portfolio-slideshow131\" class=\"portfolio-slideshow\" style=\"\">\n\n\t\n\t\n\t\t\t\t\n\t\t\t\n\t\t<div class=\"slideshow-next slideshow-content \">\n\t\t<a class=\"slideshow-next\" href=\"javascript:void(0)\" ><img loading=\"lazy\" decoding=\"async\" class=\"psp-active\" data-img=\"https:\/\/www.lesventsdanches.fr\/wp-content\/uploads\/2013\/05\/Les-vents-d-anches-concert.jpg\" src=\"https:\/\/www.lesventsdanches.fr\/wp-content\/uploads\/2013\/05\/Les-vents-d-anches-concert.jpg\" height=\"225\" width=\"300\" alt=\"Slide 1\"><\/a>\t\t<\/div>\n\n\t\n\t\t\t\t\n\t\t\t\n\t\t<div class=\"slideshow-next slideshow-content not-first\">\n\t\t<a class=\"slideshow-next\" href=\"javascript:void(0)\" ><img loading=\"lazy\" decoding=\"async\" class=\"psp-active\" data-img=\"https:\/\/www.lesventsdanches.fr\/wp-content\/uploads\/2013\/05\/Les-vents-d-anches-clarinettistes.jpg\" src=\"data:image\/gif;base64,R0lGODlhAQABAIAAAAAAAP\/\/\/yH5BAEAAAAALAAAAAABAAEAAAIBRAA7\" height=\"225\" width=\"344\" alt=\"Slide 2\"><\/a>\t\t<\/div>\n\n\t\n\t\t\t\t\n\t\t\t\n\t\t<div class=\"slideshow-next slideshow-content not-first\">\n\t\t<a class=\"slideshow-next\" href=\"javascript:void(0)\" ><img loading=\"lazy\" decoding=\"async\" class=\"psp-active\" data-img=\"https:\/\/www.lesventsdanches.fr\/wp-content\/uploads\/2013\/05\/Les-vents-d-anches-ensemble-clarinettes-2.jpg\" src=\"data:image\/gif;base64,R0lGODlhAQABAIAAAAAAAP\/\/\/yH5BAEAAAAALAAAAAABAAEAAAIBRAA7\" height=\"225\" width=\"300\" alt=\"Slide 3\"><\/a>\t\t<\/div>\n\n\t\n\t\t\t\t\n\t\t\t\n\t\t<div class=\"slideshow-next slideshow-content not-first\">\n\t\t<a class=\"slideshow-next\" href=\"javascript:void(0)\" ><img loading=\"lazy\" decoding=\"async\" class=\"psp-active\" data-img=\"https:\/\/www.lesventsdanches.fr\/wp-content\/uploads\/2013\/05\/Les-vents-d-anches-ensemble-clarinettes-1.jpg\" src=\"data:image\/gif;base64,R0lGODlhAQABAIAAAAAAAP\/\/\/yH5BAEAAAAALAAAAAABAAEAAAIBRAA7\" height=\"225\" width=\"300\" alt=\"Slide 4\"><\/a>\t\t<\/div>\n\n\t\n\t\t\t\t\n\t\t\t\n\t\t<div class=\"slideshow-next slideshow-content not-first\">\n\t\t<a class=\"slideshow-next\" href=\"javascript:void(0)\" ><img loading=\"lazy\" decoding=\"async\" class=\"psp-active\" data-img=\"https:\/\/www.lesventsdanches.fr\/wp-content\/uploads\/2013\/05\/Les-vents-d-anches-eglise.jpg\" src=\"data:image\/gif;base64,R0lGODlhAQABAIAAAAAAAP\/\/\/yH5BAEAAAAALAAAAAABAAEAAAIBRAA7\" height=\"225\" width=\"300\" alt=\"Slide 5\"><\/a>\t\t<\/div>\n\n\t\n\t\t\t\t\n\t\t\t\n\t\t<div class=\"slideshow-next slideshow-content not-first\">\n\t\t<a class=\"slideshow-next\" href=\"javascript:void(0)\" ><img loading=\"lazy\" decoding=\"async\" class=\"psp-active\" data-img=\"https:\/\/www.lesventsdanches.fr\/wp-content\/uploads\/2013\/05\/Les-vents-d-anches-exposition.jpg\" src=\"data:image\/gif;base64,R0lGODlhAQABAIAAAAAAAP\/\/\/yH5BAEAAAAALAAAAAABAAEAAAIBRAA7\" height=\"225\" width=\"410\" alt=\"Slide 6\"><\/a>\t\t<\/div>\n\n\t<\/div>\n<div class=\"pscarousel\">\n\t<div id=\"pager131\" class=\"pager items clearfix\">\n\t\t\t<img loading=\"lazy\" decoding=\"async\" width=\"150\" height=\"150\" src=\"https:\/\/www.lesventsdanches.fr\/wp-content\/uploads\/2013\/05\/Les-vents-d-anches-concert-150x150.jpg\" class=\"attachment-thumbnail size-thumbnail\" alt=\"L&#039;ensemble de clarinettes &quot;Les Vents d&#039;Anches&quot; en concert.\" \/>\t\t\t<img loading=\"lazy\" decoding=\"async\" width=\"150\" height=\"150\" src=\"https:\/\/www.lesventsdanches.fr\/wp-content\/uploads\/2013\/05\/Les-vents-d-anches-clarinettistes-150x150.jpg\" class=\"attachment-thumbnail size-thumbnail\" alt=\"Les clarinettistes de l&#039;&#039;ensemble &quot;Les Vents d&#039;Anches&quot; en concert.\" \/>\t\t\t<img loading=\"lazy\" decoding=\"async\" width=\"150\" height=\"150\" src=\"https:\/\/www.lesventsdanches.fr\/wp-content\/uploads\/2013\/05\/Les-vents-d-anches-ensemble-clarinettes-2-150x150.jpg\" class=\"attachment-thumbnail size-thumbnail\" alt=\"L&#039;ensemble de clarinettes &quot;Les Vents d&#039;Anches&quot; en concert.\" \/>\t\t\t<img loading=\"lazy\" decoding=\"async\" width=\"150\" height=\"150\" src=\"https:\/\/www.lesventsdanches.fr\/wp-content\/uploads\/2013\/05\/Les-vents-d-anches-ensemble-clarinettes-1-150x150.jpg\" class=\"attachment-thumbnail size-thumbnail\" alt=\"L&#039;ensemble de clarinettes &quot;Les Vents d&#039;Anches&quot; en concert.\" \/>\t\t\t<img loading=\"lazy\" decoding=\"async\" width=\"150\" height=\"150\" src=\"https:\/\/www.lesventsdanches.fr\/wp-content\/uploads\/2013\/05\/Les-vents-d-anches-eglise-150x150.jpg\" class=\"attachment-thumbnail size-thumbnail\" alt=\"L&#039;ensemble de clarinettes &quot;Les Vents d&#039;Anches&quot; en concert en \u00e9glise.\" \/>\t\t\t<img loading=\"lazy\" decoding=\"async\" width=\"150\" height=\"150\" src=\"https:\/\/www.lesventsdanches.fr\/wp-content\/uploads\/2013\/05\/Les-vents-d-anches-exposition-150x150.jpg\" class=\"attachment-thumbnail size-thumbnail\" alt=\"Les musiciens des &quot;Vents d&#039;Anches&quot; devant une exposition sur la clarinette.\" \/>\t\t<\/div>\n<\/div><\/div><!--#slideshow-wrapper--><\/p>\n<p style=\"text-align: justify;\">Veuillez suivre ce lien <a href=\"http:\/\/www.lesventsdanches.fr\/wp-content\/uploads\/2013\/05\/Plaquette_Les-Vents-d-Anches.pdf\">Les Vents d&rsquo;Anches (plaquette)<\/a>\u00a0vous permettant de <strong>t\u00e9l\u00e9charger notre plaquette sous format\u00a0PDF<\/strong>.<\/p>\n<p style=\"text-align: justify;\">Nous esp\u00e9rons que vous appr\u00e9cierez la visite de ce site Internet et que vous y trouverez toutes les informations n\u00e9cessaires \u00e0 une prochaine rencontre en musique ! N&rsquo;h\u00e9sitez pas \u00e0 nous contacter si vous souhaitez obtenir de plus amples renseignements sur nos prestations et nos disponibilit\u00e9s.<\/p>\n<p style=\"text-align: justify;\">Musicalement V\u00f4tre !<\/p>\n<p style=\"text-align: justify;\"><a href=\"http:\/\/www.lesventsdanches.fr\/ensemble-de-clarinettes\/actualite\/\"><img loading=\"lazy\" decoding=\"async\" class=\"alignnone wp-image-221\" title=\"Suivez toute l'actualit\u00e9 des Vents d'Anches !\" src=\"http:\/\/www.lesventsdanches.fr\/wp-content\/uploads\/2013\/05\/Nuage-mots-tag-ensemble-musique-clarinette-les-vents-d-anches-accueil.jpg\" alt=\"&quot;Les Vents d'Anches&quot; Ensemble de clarinettes\" width=\"576\" height=\"281\" srcset=\"https:\/\/www.lesventsdanches.fr\/wp-content\/uploads\/2013\/05\/Nuage-mots-tag-ensemble-musique-clarinette-les-vents-d-anches-accueil.jpg 960w, https:\/\/www.lesventsdanches.fr\/wp-content\/uploads\/2013\/05\/Nuage-mots-tag-ensemble-musique-clarinette-les-vents-d-anches-accueil-300x146.jpg 300w, https:\/\/www.lesventsdanches.fr\/wp-content\/uploads\/2013\/05\/Nuage-mots-tag-ensemble-musique-clarinette-les-vents-d-anches-accueil-624x304.jpg 624w\" sizes=\"auto, (max-width: 576px) 100vw, 576px\" \/><\/a><\/p>\n<div id=\"wp_fb_like_button\" style=\"margin:5px 5px 5px 0;float:left;height:100px;\"><script src=\"http:\/\/connect.facebook.net\/en_US\/all.js#xfbml=1\"><\/script><fb:like href=\"https:\/\/www.lesventsdanches.fr\/ensemble-de-clarinettes\/\" send=\"true\" layout=\"standard\" width=\"400\" show_faces=\"false\" font=\"arial\" action=\"like\" colorscheme=\"light\"><\/fb:like><\/div>","protected":false},"excerpt":{"rendered":"<p>Notre groupe est un ensemble de clarinettes qui se compose de huit musiciens amateurs unis par l&rsquo;amiti\u00e9 et une passion commune pour la clarinette. Lors de nos concerts, un large \u00e9ventail d&rsquo;instruments est repr\u00e9sent\u00e9, tous issus de la grande famille de la clarinette: de la petite clarinette en mi b\u00e9mol \u00e0 la clarinette contralto, vous [&hellip;]<\/p>\n","protected":false},"author":2,"featured_media":0,"parent":0,"menu_order":0,"comment_status":"closed","ping_status":"open","template":"","meta":{"jetpack_post_was_ever_published":false,"footnotes":""},"class_list":["post-76","page","type-page","status-publish","hentry"],"yoast_head":"<!-- This site is optimized with the Yoast SEO plugin v22.1 - https:\/\/yoast.com\/wordpress\/plugins\/seo\/ -->\n<title>L&#039;ensemble de clarinettes &quot;Les Vents d&#039;Anches&quot; vous souhaitent la bienvenue ! - Les Vents d&#039;Anches<\/title>\n<meta name=\"description\" content=\"L&#039;ensemble de clarinettes &quot;Les Vents d&#039;Anches&quot; est un groupe proposant une musique vari\u00e9e: classique, jazz, airs traditionnels et vari\u00e9t\u00e9, dans une ambiance ludique, conviviale et familiale.\" \/>\n<meta name=\"robots\" content=\"index, follow, max-snippet:-1, max-image-preview:large, max-video-preview:-1\" \/>\n<link rel=\"canonical\" href=\"http:\/\/www.lesventsdanches.fr\/ensemble-de-clarinettes\/\" \/>\n<meta property=\"og:locale\" content=\"fr_FR\" \/>\n<meta property=\"og:type\" content=\"article\" \/>\n<meta property=\"og:title\" content=\"L&#039;ensemble de clarinettes &quot;Les Vents d&#039;Anches&quot; vous souhaitent la bienvenue ! - Les Vents d&#039;Anches\" \/>\n<meta property=\"og:description\" content=\"L&#039;ensemble de clarinettes &quot;Les Vents d&#039;Anches&quot; est un groupe proposant une musique vari\u00e9e: classique, jazz, airs traditionnels et vari\u00e9t\u00e9, dans une ambiance ludique, conviviale et familiale.\" \/>\n<meta property=\"og:url\" content=\"http:\/\/www.lesventsdanches.fr\/ensemble-de-clarinettes\/\" \/>\n<meta property=\"og:site_name\" content=\"Les Vents d&#039;Anches\" \/>\n<meta property=\"article:modified_time\" content=\"2023-04-08T08:03:09+00:00\" \/>\n<meta property=\"og:image\" content=\"http:\/\/www.lesventsdanches.fr\/wp-content\/uploads\/2013\/05\/Nuage-mots-tag-ensemble-musique-clarinette-les-vents-d-anches-accueil.jpg\" \/>\n<meta name=\"twitter:label1\" content=\"Dur\u00e9e de lecture estim\u00e9e\" \/>\n\t<meta name=\"twitter:data1\" content=\"1 minute\" \/>\n<script type=\"application\/ld+json\" class=\"yoast-schema-graph\">{\"@context\":\"https:\/\/schema.org\",\"@graph\":[{\"@type\":\"WebPage\",\"@id\":\"http:\/\/www.lesventsdanches.fr\/ensemble-de-clarinettes\/\",\"url\":\"http:\/\/www.lesventsdanches.fr\/ensemble-de-clarinettes\/\",\"name\":\"L'ensemble de clarinettes \\\"Les Vents d'Anches\\\" vous souhaitent la bienvenue ! - Les Vents d&#039;Anches\",\"isPartOf\":{\"@id\":\"http:\/\/www.lesventsdanches.fr\/ensemble-de-clarinettes\/#website\"},\"datePublished\":\"2013-05-22T12:07:41+00:00\",\"dateModified\":\"2023-04-08T08:03:09+00:00\",\"description\":\"L'ensemble de clarinettes \\\"Les Vents d'Anches\\\" est un groupe proposant une musique vari\u00e9e: classique, jazz, airs traditionnels et vari\u00e9t\u00e9, dans une ambiance ludique, conviviale et familiale.\",\"breadcrumb\":{\"@id\":\"http:\/\/www.lesventsdanches.fr\/ensemble-de-clarinettes\/#breadcrumb\"},\"inLanguage\":\"fr-FR\",\"potentialAction\":[{\"@type\":\"ReadAction\",\"target\":[\"http:\/\/www.lesventsdanches.fr\/ensemble-de-clarinettes\/\"]}]},{\"@type\":\"BreadcrumbList\",\"@id\":\"http:\/\/www.lesventsdanches.fr\/ensemble-de-clarinettes\/#breadcrumb\",\"itemListElement\":[{\"@type\":\"ListItem\",\"position\":1,\"name\":\"Accueil\",\"item\":\"http:\/\/www.lesventsdanches.fr\/ensemble-de-clarinettes\/\"},{\"@type\":\"ListItem\",\"position\":2,\"name\":\"L&rsquo;ensemble de clarinettes \u00ab\u00a0Les Vents d&rsquo;Anches\u00a0\u00bb vous souhaitent la bienvenue !\"}]},{\"@type\":\"WebSite\",\"@id\":\"http:\/\/www.lesventsdanches.fr\/ensemble-de-clarinettes\/#website\",\"url\":\"http:\/\/www.lesventsdanches.fr\/ensemble-de-clarinettes\/\",\"name\":\"Les Vents d&#039;Anches\",\"description\":\"Ensemble de clarinettes\",\"potentialAction\":[{\"@type\":\"SearchAction\",\"target\":{\"@type\":\"EntryPoint\",\"urlTemplate\":\"http:\/\/www.lesventsdanches.fr\/ensemble-de-clarinettes\/?s={search_term_string}\"},\"query-input\":\"required name=search_term_string\"}],\"inLanguage\":\"fr-FR\"}]}<\/script>\n<!-- \/ Yoast SEO plugin. -->","yoast_head_json":{"title":"L'ensemble de clarinettes \"Les Vents d'Anches\" vous souhaitent la bienvenue ! - Les Vents d&#039;Anches","description":"L'ensemble de clarinettes \"Les Vents d'Anches\" est un groupe proposant une musique vari\u00e9e: classique, jazz, airs traditionnels et vari\u00e9t\u00e9, dans une ambiance ludique, conviviale et familiale.","robots":{"index":"index","follow":"follow","max-snippet":"max-snippet:-1","max-image-preview":"max-image-preview:large","max-video-preview":"max-video-preview:-1"},"canonical":"http:\/\/www.lesventsdanches.fr\/ensemble-de-clarinettes\/","og_locale":"fr_FR","og_type":"article","og_title":"L'ensemble de clarinettes \"Les Vents d'Anches\" vous souhaitent la bienvenue ! - Les Vents d&#039;Anches","og_description":"L'ensemble de clarinettes \"Les Vents d'Anches\" est un groupe proposant une musique vari\u00e9e: classique, jazz, airs traditionnels et vari\u00e9t\u00e9, dans une ambiance ludique, conviviale et familiale.","og_url":"http:\/\/www.lesventsdanches.fr\/ensemble-de-clarinettes\/","og_site_name":"Les Vents d&#039;Anches","article_modified_time":"2023-04-08T08:03:09+00:00","og_image":[{"url":"http:\/\/www.lesventsdanches.fr\/wp-content\/uploads\/2013\/05\/Nuage-mots-tag-ensemble-musique-clarinette-les-vents-d-anches-accueil.jpg"}],"twitter_misc":{"Dur\u00e9e de lecture estim\u00e9e":"1 minute"},"schema":{"@context":"https:\/\/schema.org","@graph":[{"@type":"WebPage","@id":"http:\/\/www.lesventsdanches.fr\/ensemble-de-clarinettes\/","url":"http:\/\/www.lesventsdanches.fr\/ensemble-de-clarinettes\/","name":"L'ensemble de clarinettes \"Les Vents d'Anches\" vous souhaitent la bienvenue ! - Les Vents d&#039;Anches","isPartOf":{"@id":"http:\/\/www.lesventsdanches.fr\/ensemble-de-clarinettes\/#website"},"datePublished":"2013-05-22T12:07:41+00:00","dateModified":"2023-04-08T08:03:09+00:00","description":"L'ensemble de clarinettes \"Les Vents d'Anches\" est un groupe proposant une musique vari\u00e9e: classique, jazz, airs traditionnels et vari\u00e9t\u00e9, dans une ambiance ludique, conviviale et familiale.","breadcrumb":{"@id":"http:\/\/www.lesventsdanches.fr\/ensemble-de-clarinettes\/#breadcrumb"},"inLanguage":"fr-FR","potentialAction":[{"@type":"ReadAction","target":["http:\/\/www.lesventsdanches.fr\/ensemble-de-clarinettes\/"]}]},{"@type":"BreadcrumbList","@id":"http:\/\/www.lesventsdanches.fr\/ensemble-de-clarinettes\/#breadcrumb","itemListElement":[{"@type":"ListItem","position":1,"name":"Accueil","item":"http:\/\/www.lesventsdanches.fr\/ensemble-de-clarinettes\/"},{"@type":"ListItem","position":2,"name":"L&rsquo;ensemble de clarinettes \u00ab\u00a0Les Vents d&rsquo;Anches\u00a0\u00bb vous souhaitent la bienvenue !"}]},{"@type":"WebSite","@id":"http:\/\/www.lesventsdanches.fr\/ensemble-de-clarinettes\/#website","url":"http:\/\/www.lesventsdanches.fr\/ensemble-de-clarinettes\/","name":"Les Vents d&#039;Anches","description":"Ensemble de clarinettes","potentialAction":[{"@type":"SearchAction","target":{"@type":"EntryPoint","urlTemplate":"http:\/\/www.lesventsdanches.fr\/ensemble-de-clarinettes\/?s={search_term_string}"},"query-input":"required name=search_term_string"}],"inLanguage":"fr-FR"}]}},"jetpack_sharing_enabled":true,"jetpack_shortlink":"https:\/\/wp.me\/P8bxUG-1e","_links":{"self":[{"href":"https:\/\/www.lesventsdanches.fr\/ensemble-de-clarinettes\/wp-json\/wp\/v2\/pages\/76","targetHints":{"allow":["GET"]}}],"collection":[{"href":"https:\/\/www.lesventsdanches.fr\/ensemble-de-clarinettes\/wp-json\/wp\/v2\/pages"}],"about":[{"href":"https:\/\/www.lesventsdanches.fr\/ensemble-de-clarinettes\/wp-json\/wp\/v2\/types\/page"}],"author":[{"embeddable":true,"href":"https:\/\/www.lesventsdanches.fr\/ensemble-de-clarinettes\/wp-json\/wp\/v2\/users\/2"}],"replies":[{"embeddable":true,"href":"https:\/\/www.lesventsdanches.fr\/ensemble-de-clarinettes\/wp-json\/wp\/v2\/comments?post=76"}],"version-history":[{"count":72,"href":"https:\/\/www.lesventsdanches.fr\/ensemble-de-clarinettes\/wp-json\/wp\/v2\/pages\/76\/revisions"}],"predecessor-version":[{"id":1102,"href":"https:\/\/www.lesventsdanches.fr\/ensemble-de-clarinettes\/wp-json\/wp\/v2\/pages\/76\/revisions\/1102"}],"wp:attachment":[{"href":"https:\/\/www.lesventsdanches.fr\/ensemble-de-clarinettes\/wp-json\/wp\/v2\/media?parent=76"}],"curies":[{"name":"wp","href":"https:\/\/api.w.org\/{rel}","templated":true}]}}