{"id":73,"date":"2013-05-22T13:05:16","date_gmt":"2013-05-22T12:05:16","guid":{"rendered":"http:\/\/www.lesventsdanches.fr\/?page_id=73"},"modified":"2023-04-08T12:38:20","modified_gmt":"2023-04-08T11:38:20","slug":"cd-recreaction","status":"publish","type":"page","link":"https:\/\/www.lesventsdanches.fr\/ensemble-de-clarinettes\/cd-recreaction\/","title":{"rendered":"CD R\u00e9cr\u00e9&rsquo;Action&rsquo;"},"content":{"rendered":"<h2 style=\"text-align: center;\"><span style=\"color: #663366;\">Notre ensemble \u00ab\u00a0Les Vents d&rsquo;Anches\u00a0\u00bb est tr\u00e8s heureux de vous proposer notre CD :\u00a0R\u00e9cr\u00e9&rsquo;Action&rsquo;.<\/span><\/h2>\n<p class=\"cd\">C&rsquo;est un grand plaisir pour nous d&rsquo;avoir pu\u00a0<strong>faire cet enregistrement et r\u00e9aliser ce CD<\/strong>,\u00a0notamment gr\u00e2ce au soutien de\u00a0<strong>la Ville de Dreux<\/strong>, du <strong>Conseil G\u00e9n\u00e9ral d&rsquo;Eure-et-Loir<\/strong>,\u00a0et \u00e0 la contribution de fans inconditionnels!<\/p>\n<p><span style=\"text-decoration: underline;\">O\u00f9 vous le procurer\u00a0<\/span><span style=\"line-height: 1.714285714; text-align: left; font-size: 1rem;\">:<\/span><\/p>\n<ul style=\"text-align: left;\">\n<li><span style=\"line-height: 14px;\"><strong>A l&rsquo;office du Tourisme de Dreux<\/strong>\u00a0: 9, Cour de l&rsquo;h\u00f4tel Dieu 28100 Dreux<\/span><\/li>\n<\/ul>\n<ul style=\"text-align: left;\">\n<li><em>Lors de nos concerts<\/em> : nous tenons un stand \u00e0 chacune de nos repr\u00e9sentations (l&rsquo;occasion de nous poser toutes vos questions!)<\/li>\n<\/ul>\n<ul>\n<li style=\"text-align: left;\">En nous contactant directement par email\u00a0(via le <a title=\"Formulaire de contact\" href=\"http:\/\/www.lesventsdanches.fr\/ensemble-de-clarinettes\/formulaire-de-contact\/\" target=\"_blank\" rel=\"noopener\">formulaire de contact<\/a>), par t\u00e9l\u00e9phone ou\u00a0par courrier (<a title=\"Contact !\" href=\"http:\/\/www.lesventsdanches.fr\/ensemble-de-clarinettes\/contact\/\" target=\"_blank\" rel=\"noopener\">ici<\/a>).<!--nextpage--><\/li>\n<\/ul>\n<p class=\"compo\" style=\"text-align: center;\"><em><strong>Albinoni<\/strong>, <strong>Mozart<\/strong>, <strong>Massenet<\/strong>, <strong>Piazzola<\/strong>&#8230;\u00a0<\/em><em style=\"line-height: 1.714285714; font-size: 1rem;\">Retrouvez de grandes compositions r\u00e9orchestr\u00e9es pour ensemble de clarinettes, ainsi que des \u0153uvres originales compos\u00e9es particuli\u00e8rement pour ce type de formation.<\/em><\/p>\n<p class=\"compo\" style=\"text-align: center;\">Vous \u00eates curieux(ses)? Ecoutez quelques extraits <a title=\"Extraits sonores\" href=\"http:\/\/www.lesventsdanches.fr\/ensemble-de-clarinettes\/extraits-sonores\/\" target=\"_blank\" rel=\"noopener\">ici <\/a>!<\/p>\n<p class=\"compo\" style=\"text-align: center;\"><span style=\"text-decoration: underline;\">Et sachez que notre CD est disponible au tarif de 10 \u20ac.<\/span><\/p>\n<p><strong style=\"line-height: 1.714285714; font-size: 1rem;\"><span style=\"color: #99cc33;\"><span style=\"text-decoration: underline;\">Ci-dessous :<\/span><\/span><\/strong><em style=\"line-height: 1.714285714; font-size: 1rem;\">\u00a0Quelques photos prises lors de l&rsquo;enregistrement<\/em><\/p>\n<p><span style=\"line-height: 1.714285714; font-size: 1rem;\"><script>\/* <![CDATA[ *\/ portfolio_slideshow.slideshows[809] = {\"timeout\":\"3000\",\"autoplay\":1,\"trans\":\"fade\",\"loop\":1,\"speed\":\"200\",\"nowrap\":1}; \/* ]]> *\/<\/script><div id=\"slideshow-wrapper809\" class=\"slideshow-wrapper clearfix portfolio-slideshow-centered\">\n<div id=\"portfolio-slideshow809\" class=\"portfolio-slideshow\" style=\"\">\n\n\t\n\t\n\t\t\t\t\n\t\t\t\n\t\t<div class=\"slideshow-next slideshow-content \">\n\t\t<a class=\"slideshow-next\" href=\"javascript:void(0)\" ><img loading=\"lazy\" decoding=\"async\" class=\"psp-active\" data-img=\"https:\/\/www.lesventsdanches.fr\/wp-content\/uploads\/2013\/05\/Enregistrement-CD-1-300x225.jpg\" src=\"https:\/\/www.lesventsdanches.fr\/wp-content\/uploads\/2013\/05\/Enregistrement-CD-1-300x225.jpg\" height=\"225\" width=\"300\" alt=\"Slide 1\"><\/a>\t\t<\/div>\n\n\t\n\t\t\t\t\n\t\t\t\n\t\t<div class=\"slideshow-next slideshow-content not-first\">\n\t\t<a class=\"slideshow-next\" href=\"javascript:void(0)\" ><img loading=\"lazy\" decoding=\"async\" class=\"psp-active\" data-img=\"https:\/\/www.lesventsdanches.fr\/wp-content\/uploads\/2013\/05\/Enregistrement-CD-2-300x225.jpg\" src=\"data:image\/gif;base64,R0lGODlhAQABAIAAAAAAAP\/\/\/yH5BAEAAAAALAAAAAABAAEAAAIBRAA7\" height=\"225\" width=\"300\" alt=\"Slide 2\"><\/a>\t\t<\/div>\n\n\t\n\t\t\t\t\n\t\t\t\n\t\t<div class=\"slideshow-next slideshow-content not-first\">\n\t\t<a class=\"slideshow-next\" href=\"javascript:void(0)\" ><img loading=\"lazy\" decoding=\"async\" class=\"psp-active\" data-img=\"https:\/\/www.lesventsdanches.fr\/wp-content\/uploads\/2013\/05\/Enregistrement-CD-3-300x225.jpg\" src=\"data:image\/gif;base64,R0lGODlhAQABAIAAAAAAAP\/\/\/yH5BAEAAAAALAAAAAABAAEAAAIBRAA7\" height=\"225\" width=\"300\" alt=\"Slide 3\"><\/a>\t\t<\/div>\n\n\t\n\t\t\t\t\n\t\t\t\n\t\t<div class=\"slideshow-next slideshow-content not-first\">\n\t\t<a class=\"slideshow-next\" href=\"javascript:void(0)\" ><img loading=\"lazy\" decoding=\"async\" class=\"psp-active\" data-img=\"https:\/\/www.lesventsdanches.fr\/wp-content\/uploads\/2013\/05\/Enregistrement-CD-4-300x225.jpg\" src=\"data:image\/gif;base64,R0lGODlhAQABAIAAAAAAAP\/\/\/yH5BAEAAAAALAAAAAABAAEAAAIBRAA7\" height=\"225\" width=\"300\" alt=\"Slide 4\"><\/a>\t\t<\/div>\n\n\t\n\t\t\t\t\n\t\t\t\n\t\t<div class=\"slideshow-next slideshow-content not-first\">\n\t\t<a class=\"slideshow-next\" href=\"javascript:void(0)\" ><img loading=\"lazy\" decoding=\"async\" class=\"psp-active\" data-img=\"https:\/\/www.lesventsdanches.fr\/wp-content\/uploads\/2013\/05\/Enregistrement-CD-5-300x225.jpg\" src=\"data:image\/gif;base64,R0lGODlhAQABAIAAAAAAAP\/\/\/yH5BAEAAAAALAAAAAABAAEAAAIBRAA7\" height=\"225\" width=\"300\" alt=\"Slide 5\"><\/a>\t\t<\/div>\n\n\t\n\t\t\t\t\n\t\t\t\n\t\t<div class=\"slideshow-next slideshow-content not-first\">\n\t\t<a class=\"slideshow-next\" href=\"javascript:void(0)\" ><img loading=\"lazy\" decoding=\"async\" class=\"psp-active\" data-img=\"https:\/\/www.lesventsdanches.fr\/wp-content\/uploads\/2013\/05\/Enregistrement-CD-6-300x225.jpg\" src=\"data:image\/gif;base64,R0lGODlhAQABAIAAAAAAAP\/\/\/yH5BAEAAAAALAAAAAABAAEAAAIBRAA7\" height=\"225\" width=\"300\" alt=\"Slide 6\"><\/a>\t\t<\/div>\n\n\t\n\t\t\t\t\n\t\t\t\n\t\t<div class=\"slideshow-next slideshow-content not-first\">\n\t\t<a class=\"slideshow-next\" href=\"javascript:void(0)\" ><img loading=\"lazy\" decoding=\"async\" class=\"psp-active\" data-img=\"https:\/\/www.lesventsdanches.fr\/wp-content\/uploads\/2013\/05\/Enregistrement-CD-7-300x225.jpg\" src=\"data:image\/gif;base64,R0lGODlhAQABAIAAAAAAAP\/\/\/yH5BAEAAAAALAAAAAABAAEAAAIBRAA7\" height=\"225\" width=\"300\" alt=\"Slide 7\"><\/a>\t\t<\/div>\n\n\t\n\t\t\t\t\n\t\t\t\n\t\t<div class=\"slideshow-next slideshow-content not-first\">\n\t\t<a class=\"slideshow-next\" href=\"javascript:void(0)\" ><img loading=\"lazy\" decoding=\"async\" class=\"psp-active\" data-img=\"https:\/\/www.lesventsdanches.fr\/wp-content\/uploads\/2013\/05\/Enregistrement-CD-8-300x225.jpg\" src=\"data:image\/gif;base64,R0lGODlhAQABAIAAAAAAAP\/\/\/yH5BAEAAAAALAAAAAABAAEAAAIBRAA7\" height=\"225\" width=\"300\" alt=\"Slide 8\"><\/a>\t\t<\/div>\n\n\t\n\t\t\t\t\n\t\t\t\n\t\t<div class=\"slideshow-next slideshow-content not-first\">\n\t\t<a class=\"slideshow-next\" href=\"javascript:void(0)\" ><img loading=\"lazy\" decoding=\"async\" class=\"psp-active\" data-img=\"https:\/\/www.lesventsdanches.fr\/wp-content\/uploads\/2013\/05\/Enregistrement-CD-9-300x225.jpg\" src=\"data:image\/gif;base64,R0lGODlhAQABAIAAAAAAAP\/\/\/yH5BAEAAAAALAAAAAABAAEAAAIBRAA7\" height=\"225\" width=\"300\" alt=\"Slide 9\"><\/a>\t\t<\/div>\n\n\t\n\t\t\t\t\n\t\t\t\n\t\t<div class=\"slideshow-next slideshow-content not-first\">\n\t\t<a class=\"slideshow-next\" href=\"javascript:void(0)\" ><img loading=\"lazy\" decoding=\"async\" class=\"psp-active\" data-img=\"https:\/\/www.lesventsdanches.fr\/wp-content\/uploads\/2013\/05\/Enregistrement-CD-10-300x225.jpg\" src=\"data:image\/gif;base64,R0lGODlhAQABAIAAAAAAAP\/\/\/yH5BAEAAAAALAAAAAABAAEAAAIBRAA7\" height=\"225\" width=\"300\" alt=\"Slide 10\"><\/a>\t\t<\/div>\n\n\t\n\t\t\t\t\n\t\t\t\n\t\t<div class=\"slideshow-next slideshow-content not-first\">\n\t\t<a class=\"slideshow-next\" href=\"javascript:void(0)\" ><img loading=\"lazy\" decoding=\"async\" class=\"psp-active\" data-img=\"https:\/\/www.lesventsdanches.fr\/wp-content\/uploads\/2013\/05\/Enregistrement-CD-11-300x225.jpg\" src=\"data:image\/gif;base64,R0lGODlhAQABAIAAAAAAAP\/\/\/yH5BAEAAAAALAAAAAABAAEAAAIBRAA7\" height=\"225\" width=\"300\" alt=\"Slide 11\"><\/a>\t\t<\/div>\n\n\t<\/div>\n<div class=\"pscarousel\">\n\t<div id=\"pager809\" class=\"pager items clearfix\">\n\t\t\t<img loading=\"lazy\" decoding=\"async\" width=\"150\" height=\"150\" src=\"https:\/\/www.lesventsdanches.fr\/wp-content\/uploads\/2013\/05\/Enregistrement-CD-1-150x150.jpg\" class=\"attachment-thumbnail size-thumbnail\" alt=\"CD R\u00e9cr\u00e9&#039;Action&#039;\" \/>\t\t\t<img loading=\"lazy\" decoding=\"async\" width=\"150\" height=\"150\" src=\"https:\/\/www.lesventsdanches.fr\/wp-content\/uploads\/2013\/05\/Enregistrement-CD-2-150x150.jpg\" class=\"attachment-thumbnail size-thumbnail\" alt=\"CD R\u00e9cr\u00e9&#039;Action&#039;\" \/>\t\t\t<img loading=\"lazy\" decoding=\"async\" width=\"150\" height=\"150\" src=\"https:\/\/www.lesventsdanches.fr\/wp-content\/uploads\/2013\/05\/Enregistrement-CD-3-150x150.jpg\" class=\"attachment-thumbnail size-thumbnail\" alt=\"CD R\u00e9cr\u00e9&#039;Action&#039;\" \/>\t\t\t<img loading=\"lazy\" decoding=\"async\" width=\"150\" height=\"150\" src=\"https:\/\/www.lesventsdanches.fr\/wp-content\/uploads\/2013\/05\/Enregistrement-CD-4-150x150.jpg\" class=\"attachment-thumbnail size-thumbnail\" alt=\"CD R\u00e9cr\u00e9&#039;Action&#039;\" \/>\t\t\t<img loading=\"lazy\" decoding=\"async\" width=\"150\" height=\"150\" src=\"https:\/\/www.lesventsdanches.fr\/wp-content\/uploads\/2013\/05\/Enregistrement-CD-5-150x150.jpg\" class=\"attachment-thumbnail size-thumbnail\" alt=\"CD R\u00e9cr\u00e9&#039;Action&#039;\" \/>\t\t\t<img loading=\"lazy\" decoding=\"async\" width=\"150\" height=\"150\" src=\"https:\/\/www.lesventsdanches.fr\/wp-content\/uploads\/2013\/05\/Enregistrement-CD-6-150x150.jpg\" class=\"attachment-thumbnail size-thumbnail\" alt=\"CD R\u00e9cr\u00e9&#039;Action&#039;\" \/>\t\t\t<img loading=\"lazy\" decoding=\"async\" width=\"150\" height=\"150\" src=\"https:\/\/www.lesventsdanches.fr\/wp-content\/uploads\/2013\/05\/Enregistrement-CD-7-150x150.jpg\" class=\"attachment-thumbnail size-thumbnail\" alt=\"CD R\u00e9cr\u00e9&#039;Action&#039;\" \/>\t\t\t<img loading=\"lazy\" decoding=\"async\" width=\"150\" height=\"150\" src=\"https:\/\/www.lesventsdanches.fr\/wp-content\/uploads\/2013\/05\/Enregistrement-CD-8-150x150.jpg\" class=\"attachment-thumbnail size-thumbnail\" alt=\"CD R\u00e9cr\u00e9&#039;Action&#039;\" \/>\t\t\t<img loading=\"lazy\" decoding=\"async\" width=\"150\" height=\"150\" src=\"https:\/\/www.lesventsdanches.fr\/wp-content\/uploads\/2013\/05\/Enregistrement-CD-9-150x150.jpg\" class=\"attachment-thumbnail size-thumbnail\" alt=\"CD R\u00e9cr\u00e9&#039;Action&#039;\" \/>\t\t\t<img loading=\"lazy\" decoding=\"async\" width=\"150\" height=\"150\" src=\"https:\/\/www.lesventsdanches.fr\/wp-content\/uploads\/2013\/05\/Enregistrement-CD-10-150x150.jpg\" class=\"attachment-thumbnail size-thumbnail\" alt=\"CD R\u00e9cr\u00e9&#039;Action&#039;\" \/>\t\t\t<img loading=\"lazy\" decoding=\"async\" width=\"150\" height=\"150\" src=\"https:\/\/www.lesventsdanches.fr\/wp-content\/uploads\/2013\/05\/Enregistrement-CD-11-150x150.jpg\" class=\"attachment-thumbnail size-thumbnail\" alt=\"CD R\u00e9cr\u00e9&#039;Action&#039;\" \/>\t\t<\/div>\n<\/div><\/div><!--#slideshow-wrapper--><\/span><!--nextpage--><\/p>\n<p style=\"text-align: center;\"><script>\/* <![CDATA[ *\/ portfolio_slideshow.slideshows[141] = {\"timeout\":\"3000\",\"autoplay\":1,\"trans\":\"fade\",\"loop\":1,\"speed\":\"200\",\"nowrap\":1}; \/* ]]> *\/<\/script><div id=\"slideshow-wrapper141\" class=\"slideshow-wrapper clearfix portfolio-slideshow-centered\">\n<div id=\"portfolio-slideshow141\" class=\"portfolio-slideshow\" style=\"\">\n\n\t\n\t\n\t\t\t\t\n\t\t\t\n\t\t<div class=\"slideshow-next slideshow-content \">\n\t\t<a class=\"slideshow-next\" href=\"javascript:void(0)\" ><img loading=\"lazy\" decoding=\"async\" class=\"psp-active\" data-img=\"https:\/\/www.lesventsdanches.fr\/wp-content\/uploads\/2013\/05\/CD-R\u00e9cr\u00e9Action001.jpg\" src=\"https:\/\/www.lesventsdanches.fr\/wp-content\/uploads\/2013\/05\/CD-R\u00e9cr\u00e9Action001.jpg\" height=\"151\" width=\"150\" alt=\"Slide 1\"><\/a>\t\t<\/div>\n\n\t\n\t\t\t\t\n\t\t\t\n\t\t<div class=\"slideshow-next slideshow-content not-first\">\n\t\t<a class=\"slideshow-next\" href=\"javascript:void(0)\" ><img loading=\"lazy\" decoding=\"async\" class=\"psp-active\" data-img=\"https:\/\/www.lesventsdanches.fr\/wp-content\/uploads\/2013\/05\/CD-R\u00e9cr\u00e9Action002-e1370007792840.jpg\" src=\"data:image\/gif;base64,R0lGODlhAQABAIAAAAAAAP\/\/\/yH5BAEAAAAALAAAAAABAAEAAAIBRAA7\" height=\"151\" width=\"150\" alt=\"Slide 2\"><\/a>\t\t<\/div>\n\n\t<\/div>\n<div class=\"pscarousel\">\n\t<div id=\"pager141\" class=\"pager items clearfix\">\n\t\t\t<img loading=\"lazy\" decoding=\"async\" width=\"150\" height=\"150\" src=\"https:\/\/www.lesventsdanches.fr\/wp-content\/uploads\/2013\/05\/CD-R\u00e9cr\u00e9Action001-150x150.jpg\" class=\"attachment-thumbnail size-thumbnail\" alt=\"CD R\u00e9cr\u00e9&#039;Action&#039;\" \/>\t\t\t<img loading=\"lazy\" decoding=\"async\" width=\"150\" height=\"150\" src=\"https:\/\/www.lesventsdanches.fr\/wp-content\/uploads\/2013\/05\/CD-R\u00e9cr\u00e9Action002-e1370007792840-150x150.jpg\" class=\"attachment-thumbnail size-thumbnail\" alt=\"CD R\u00e9cr\u00e9&#039;Action&#039;\" \/>\t\t<\/div>\n<\/div><\/div><!--#slideshow-wrapper--><\/p>\n<p><span style=\"color: #99cc33;\"><strong><span style=\"text-decoration: underline;\">Nos sponsors<\/span> :<\/strong><\/span><\/p>\n<p><a title=\"www.dreux.com\" href=\"http:\/\/www.dreux.com\" target=\"_blank\" rel=\"noopener\"><img loading=\"lazy\" decoding=\"async\" class=\"alignnone  wp-image-208\" title=\"www.dreux.com\" src=\"http:\/\/www.lesventsdanches.fr\/wp-content\/uploads\/2013\/05\/Blason+Ville-de-Dreux-bleu-miniature.jpg\" alt=\"les vents d'anches\" width=\"63\" height=\"73\" \/><\/a>\u00a0 \u00a0 \u00a0 \u00a0\u00a0<a title=\"www.eurelien.fr\" href=\"http:\/\/www.eurelien.fr\" target=\"_blank\" rel=\"noopener\"><img loading=\"lazy\" decoding=\"async\" class=\" wp-image-453 alignnone\" style=\"font-size: 1rem; line-height: 1;\" src=\"http:\/\/www.lesventsdanches.fr\/wp-content\/uploads\/2013\/05\/vert_200x97.png\" alt=\"les vents d'anches\" width=\"84\" height=\"41\" \/><\/a><span style=\"line-height: 1.714285714; font-size: 1rem;\">\u00a0 \u00a0<\/span><\/p>\n<div id=\"wp_fb_like_button\" style=\"margin:5px 5px 5px 0;float:left;height:100px;\"><script src=\"http:\/\/connect.facebook.net\/en_US\/all.js#xfbml=1\"><\/script><fb:like href=\"https:\/\/www.lesventsdanches.fr\/ensemble-de-clarinettes\/cd-recreaction\/\" send=\"true\" layout=\"standard\" width=\"400\" show_faces=\"false\" font=\"arial\" action=\"like\" colorscheme=\"light\"><\/fb:like><\/div>","protected":false},"excerpt":{"rendered":"<p>Notre ensemble \u00ab\u00a0Les Vents d&rsquo;Anches\u00a0\u00bb est tr\u00e8s heureux de vous proposer notre CD :\u00a0R\u00e9cr\u00e9&rsquo;Action&rsquo;. C&rsquo;est un grand plaisir pour nous d&rsquo;avoir pu\u00a0faire cet enregistrement et r\u00e9aliser ce CD,\u00a0notamment gr\u00e2ce au soutien de\u00a0la Ville de Dreux, du Conseil G\u00e9n\u00e9ral d&rsquo;Eure-et-Loir,\u00a0et \u00e0 la contribution de fans inconditionnels! O\u00f9 vous le procurer\u00a0: A l&rsquo;office du Tourisme de Dreux\u00a0: [&hellip;]<\/p>\n","protected":false},"author":2,"featured_media":0,"parent":0,"menu_order":0,"comment_status":"closed","ping_status":"open","template":"page-templates\/full-width.php","meta":{"jetpack_post_was_ever_published":false,"footnotes":""},"class_list":["post-73","page","type-page","status-publish","hentry"],"yoast_head":"<!-- This site is optimized with the Yoast SEO plugin v22.1 - https:\/\/yoast.com\/wordpress\/plugins\/seo\/ -->\n<title>CD R\u00e9cr\u00e9&#039;Action&#039; - Les Vents d&#039;Anches<\/title>\n<meta name=\"description\" content=\"Les Vents d&#039;Anches sont heureux de vous proposer leur CD &quot;R\u00e9cr\u00e9&#039;Action&#039;.\" \/>\n<meta name=\"robots\" content=\"index, follow, max-snippet:-1, max-image-preview:large, max-video-preview:-1\" \/>\n<link rel=\"canonical\" href=\"http:\/\/www.lesventsdanches.fr\/ensemble-de-clarinettes\/cd-recreaction\/\" \/>\n<link rel=\"next\" href=\"http:\/\/www.lesventsdanches.fr\/ensemble-de-clarinettes\/cd-recreaction\/2\/\" \/>\n<meta property=\"og:locale\" content=\"fr_FR\" \/>\n<meta property=\"og:type\" content=\"article\" \/>\n<meta property=\"og:title\" content=\"CD R\u00e9cr\u00e9&#039;Action&#039; - Les Vents d&#039;Anches\" \/>\n<meta property=\"og:description\" content=\"Les Vents d&#039;Anches sont heureux de vous proposer leur CD &quot;R\u00e9cr\u00e9&#039;Action&#039;.\" \/>\n<meta property=\"og:url\" content=\"http:\/\/www.lesventsdanches.fr\/ensemble-de-clarinettes\/cd-recreaction\/\" \/>\n<meta property=\"og:site_name\" content=\"Les Vents d&#039;Anches\" \/>\n<meta property=\"article:modified_time\" content=\"2023-04-08T11:38:20+00:00\" \/>\n<meta property=\"og:image\" content=\"http:\/\/www.lesventsdanches.fr\/wp-content\/uploads\/2013\/05\/Blason+Ville-de-Dreux-bleu-miniature.jpg\" \/>\n<meta name=\"twitter:label1\" content=\"Dur\u00e9e de lecture estim\u00e9e\" \/>\n\t<meta name=\"twitter:data1\" content=\"1 minute\" \/>\n<script type=\"application\/ld+json\" class=\"yoast-schema-graph\">{\"@context\":\"https:\/\/schema.org\",\"@graph\":[{\"@type\":\"WebPage\",\"@id\":\"http:\/\/www.lesventsdanches.fr\/ensemble-de-clarinettes\/cd-recreaction\/\",\"url\":\"http:\/\/www.lesventsdanches.fr\/ensemble-de-clarinettes\/cd-recreaction\/\",\"name\":\"CD R\u00e9cr\u00e9'Action' - Les Vents d&#039;Anches\",\"isPartOf\":{\"@id\":\"http:\/\/www.lesventsdanches.fr\/ensemble-de-clarinettes\/#website\"},\"datePublished\":\"2013-05-22T12:05:16+00:00\",\"dateModified\":\"2023-04-08T11:38:20+00:00\",\"description\":\"Les Vents d'Anches sont heureux de vous proposer leur CD \\\"R\u00e9cr\u00e9'Action'.\",\"inLanguage\":\"fr-FR\",\"potentialAction\":[{\"@type\":\"ReadAction\",\"target\":[\"http:\/\/www.lesventsdanches.fr\/ensemble-de-clarinettes\/cd-recreaction\/\"]}]},{\"@type\":\"WebSite\",\"@id\":\"http:\/\/www.lesventsdanches.fr\/ensemble-de-clarinettes\/#website\",\"url\":\"http:\/\/www.lesventsdanches.fr\/ensemble-de-clarinettes\/\",\"name\":\"Les Vents d&#039;Anches\",\"description\":\"Ensemble de clarinettes\",\"potentialAction\":[{\"@type\":\"SearchAction\",\"target\":{\"@type\":\"EntryPoint\",\"urlTemplate\":\"http:\/\/www.lesventsdanches.fr\/ensemble-de-clarinettes\/?s={search_term_string}\"},\"query-input\":\"required name=search_term_string\"}],\"inLanguage\":\"fr-FR\"}]}<\/script>\n<!-- \/ Yoast SEO plugin. -->","yoast_head_json":{"title":"CD R\u00e9cr\u00e9'Action' - Les Vents d&#039;Anches","description":"Les Vents d'Anches sont heureux de vous proposer leur CD \"R\u00e9cr\u00e9'Action'.","robots":{"index":"index","follow":"follow","max-snippet":"max-snippet:-1","max-image-preview":"max-image-preview:large","max-video-preview":"max-video-preview:-1"},"canonical":"http:\/\/www.lesventsdanches.fr\/ensemble-de-clarinettes\/cd-recreaction\/","next":"http:\/\/www.lesventsdanches.fr\/ensemble-de-clarinettes\/cd-recreaction\/2\/","og_locale":"fr_FR","og_type":"article","og_title":"CD R\u00e9cr\u00e9'Action' - Les Vents d&#039;Anches","og_description":"Les Vents d'Anches sont heureux de vous proposer leur CD \"R\u00e9cr\u00e9'Action'.","og_url":"http:\/\/www.lesventsdanches.fr\/ensemble-de-clarinettes\/cd-recreaction\/","og_site_name":"Les Vents d&#039;Anches","article_modified_time":"2023-04-08T11:38:20+00:00","og_image":[{"url":"http:\/\/www.lesventsdanches.fr\/wp-content\/uploads\/2013\/05\/Blason+Ville-de-Dreux-bleu-miniature.jpg"}],"twitter_misc":{"Dur\u00e9e de lecture estim\u00e9e":"1 minute"},"schema":{"@context":"https:\/\/schema.org","@graph":[{"@type":"WebPage","@id":"http:\/\/www.lesventsdanches.fr\/ensemble-de-clarinettes\/cd-recreaction\/","url":"http:\/\/www.lesventsdanches.fr\/ensemble-de-clarinettes\/cd-recreaction\/","name":"CD R\u00e9cr\u00e9'Action' - Les Vents d&#039;Anches","isPartOf":{"@id":"http:\/\/www.lesventsdanches.fr\/ensemble-de-clarinettes\/#website"},"datePublished":"2013-05-22T12:05:16+00:00","dateModified":"2023-04-08T11:38:20+00:00","description":"Les Vents d'Anches sont heureux de vous proposer leur CD \"R\u00e9cr\u00e9'Action'.","inLanguage":"fr-FR","potentialAction":[{"@type":"ReadAction","target":["http:\/\/www.lesventsdanches.fr\/ensemble-de-clarinettes\/cd-recreaction\/"]}]},{"@type":"WebSite","@id":"http:\/\/www.lesventsdanches.fr\/ensemble-de-clarinettes\/#website","url":"http:\/\/www.lesventsdanches.fr\/ensemble-de-clarinettes\/","name":"Les Vents d&#039;Anches","description":"Ensemble de clarinettes","potentialAction":[{"@type":"SearchAction","target":{"@type":"EntryPoint","urlTemplate":"http:\/\/www.lesventsdanches.fr\/ensemble-de-clarinettes\/?s={search_term_string}"},"query-input":"required name=search_term_string"}],"inLanguage":"fr-FR"}]}},"jetpack_sharing_enabled":true,"jetpack_shortlink":"https:\/\/wp.me\/P8bxUG-1b","_links":{"self":[{"href":"https:\/\/www.lesventsdanches.fr\/ensemble-de-clarinettes\/wp-json\/wp\/v2\/pages\/73","targetHints":{"allow":["GET"]}}],"collection":[{"href":"https:\/\/www.lesventsdanches.fr\/ensemble-de-clarinettes\/wp-json\/wp\/v2\/pages"}],"about":[{"href":"https:\/\/www.lesventsdanches.fr\/ensemble-de-clarinettes\/wp-json\/wp\/v2\/types\/page"}],"author":[{"embeddable":true,"href":"https:\/\/www.lesventsdanches.fr\/ensemble-de-clarinettes\/wp-json\/wp\/v2\/users\/2"}],"replies":[{"embeddable":true,"href":"https:\/\/www.lesventsdanches.fr\/ensemble-de-clarinettes\/wp-json\/wp\/v2\/comments?post=73"}],"version-history":[{"count":61,"href":"https:\/\/www.lesventsdanches.fr\/ensemble-de-clarinettes\/wp-json\/wp\/v2\/pages\/73\/revisions"}],"predecessor-version":[{"id":1178,"href":"https:\/\/www.lesventsdanches.fr\/ensemble-de-clarinettes\/wp-json\/wp\/v2\/pages\/73\/revisions\/1178"}],"wp:attachment":[{"href":"https:\/\/www.lesventsdanches.fr\/ensemble-de-clarinettes\/wp-json\/wp\/v2\/media?parent=73"}],"curies":[{"name":"wp","href":"https:\/\/api.w.org\/{rel}","templated":true}]}}