{"id":54,"date":"2013-05-21T17:46:23","date_gmt":"2013-05-21T16:46:23","guid":{"rendered":"http:\/\/www.lesventsdanches.fr\/?page_id=54"},"modified":"2013-05-31T23:11:09","modified_gmt":"2013-05-31T22:11:09","slug":"exposition-clarinette","status":"publish","type":"page","link":"http:\/\/www.lesventsdanches.fr\/ensemble-de-clarinettes\/exposition-clarinette\/","title":{"rendered":"Exposition clarinette"},"content":{"rendered":"<h3 style=\"text-align: justify;\"><span style=\"color: #663366;\">Que<\/span><span style=\"color: #663366;\"> diriez-vous d&rsquo;agr\u00e9menter les concerts par une petite<\/span><strong><span style=\"color: #663366;\"> exposition \u00ab\u00a0p\u00e9dagogique\u00a0\u00bb<\/span><\/strong><span style=\"color: #663366;\"> sur la clarinette ?<!--nextpage--><\/span><\/h3>\n<p style=\"text-align: justify;\"><span style=\"line-height: 1.714285714; text-align: justify; font-size: 1rem;\">Nous avons constat\u00e9,\u00a0<\/span><span style=\"font-size: 1rem;\">\u00e0 l&rsquo;occasion de concerts,\u00a0<\/span><span style=\"line-height: 1.714285714; font-size: 1rem;\">que\u00a0<strong><span style=\"color: #99cc33;\">vous \u00eates nombreux \u00e0 nous solliciter sur des questions techniques concernant la clarinette<\/span><\/strong>.<\/span><\/p>\n<p style=\"text-align: justify;\"><span style=\"line-height: 1.714285714; font-size: 1rem;\">C&rsquo;est pourquoi nous avons imagin\u00e9 une mallette \u00ab\u00a0expo\u00a0\u00bb.<\/span><\/p>\n<p style=\"text-align: justify;\">Voici, ci-dessous, un\u00a0<strong>diaporama<\/strong>,<strong>\u00a0<\/strong>qui vous donnera un aper\u00e7u de cette exposition \u00ab\u00a0itin\u00e9rante\u00a0\u00bb.<\/p>\n<p style=\"text-align: center;\"><em>Pendant l&rsquo;entracte et\/ou apr\u00e8s le concert, vous b\u00e9n\u00e9ficierez des pr\u00e9cisions avis\u00e9s des clarinettistes professionnels anonymement dissimul\u00e9s parmi Les Vents d&rsquo;Anches !<\/em><\/p>\n<p style=\"text-align: justify;\"><span style=\"line-height: 1.714285714; font-size: 1rem;\"><!--nextpage--><\/span><\/p>\n<p style=\"padding-left: 30px; text-align: justify;\"><strong>La clarinette, en quelques mots&#8230;\u00a0<\/strong><\/p>\n<ul class=\"culture\" style=\"text-align: justify;\">\n<li>appartient \u00e0 la grande famille de la clarinette, qui comprend 13 instruments, du plus\u00a0aigu\u00a0au plus grave;<\/li>\n<\/ul>\n<ul class=\"culture\" style=\"text-align: justify;\">\n<li>les principaux \u00e9l\u00e9ments qui la compose sont : l&#8217;embouchure (bec), l&rsquo;anche, le barillet, le corps du haut, le corps du bas et le pavillon;<\/li>\n<\/ul>\n<ul class=\"culture\" style=\"text-align: justify;\">\n<li>ses cl\u00e9s sont en maillechort (alliage), le bois\u00a0utilis\u00e9 pour sa fabrication est\u00a0g\u00e9n\u00e9ralement \u00a0l&rsquo;\u00e9b\u00e8ne, et\u00a0l&rsquo;anche est issue de la Canne de Provence (Arundo Donax);<\/li>\n<\/ul>\n<ul class=\"culture\" style=\"text-align: justify;\">\n<li>sa perce cylindrique la diff\u00e9rencie d&rsquo;autres instruments \u00e0 vents appartenant \u00e0 la famille des bois comme le hautbois ou le saxophone qui eux, ont une perce conique.<\/li>\n<\/ul>\n<p style=\"text-align: justify;\"><!--nextpage--><\/p>\n<p style=\"text-align: justify;\"><span style=\"line-height: 1.714285714; font-size: 1rem;\"><script>\/* <![CDATA[ *\/ portfolio_slideshow.slideshows[203] = {\"timeout\":\"3000\",\"autoplay\":1,\"trans\":\"fade\",\"loop\":1,\"speed\":\"100\",\"nowrap\":1}; \/* ]]> *\/<\/script><div id=\"slideshow-wrapper203\" class=\"slideshow-wrapper clearfix portfolio-slideshow-centered\">\n<div id=\"portfolio-slideshow203\" class=\"portfolio-slideshow\" style=\"\">\n\n\t\n\t\n\t\t\t\t\n\t\t\t\n\t\t<div class=\"slideshow-next slideshow-content \">\n\t\t<a class=\"slideshow-next\" href=\"javascript:void(0)\" ><img loading=\"lazy\" decoding=\"async\" class=\"psp-active\" data-img=\"http:\/\/www.lesventsdanches.fr\/wp-content\/uploads\/2013\/05\/Exposition-Clarinette1.jpg\" src=\"http:\/\/www.lesventsdanches.fr\/wp-content\/uploads\/2013\/05\/Exposition-Clarinette1.jpg\" height=\"333\" width=\"500\" alt=\"Slide 1\"><\/a>\t\t<\/div>\n\n\t\n\t\t\t\t\n\t\t\t\n\t\t<div class=\"slideshow-next slideshow-content not-first\">\n\t\t<a class=\"slideshow-next\" href=\"javascript:void(0)\" ><img loading=\"lazy\" decoding=\"async\" class=\"psp-active\" data-img=\"http:\/\/www.lesventsdanches.fr\/wp-content\/uploads\/2013\/05\/Exposition-Clarinette4.jpg\" src=\"data:image\/gif;base64,R0lGODlhAQABAIAAAAAAAP\/\/\/yH5BAEAAAAALAAAAAABAAEAAAIBRAA7\" height=\"333\" width=\"500\" alt=\"Slide 2\"><\/a>\t\t<\/div>\n\n\t\n\t\t\t\t\n\t\t\t\n\t\t<div class=\"slideshow-next slideshow-content not-first\">\n\t\t<a class=\"slideshow-next\" href=\"javascript:void(0)\" ><img loading=\"lazy\" decoding=\"async\" class=\"psp-active\" data-img=\"http:\/\/www.lesventsdanches.fr\/wp-content\/uploads\/2013\/05\/Exposition-Clarinette7.jpg\" src=\"data:image\/gif;base64,R0lGODlhAQABAIAAAAAAAP\/\/\/yH5BAEAAAAALAAAAAABAAEAAAIBRAA7\" height=\"333\" width=\"500\" alt=\"Slide 3\"><\/a>\t\t<\/div>\n\n\t\n\t\t\t\t\n\t\t\t\n\t\t<div class=\"slideshow-next slideshow-content not-first\">\n\t\t<a class=\"slideshow-next\" href=\"javascript:void(0)\" ><img loading=\"lazy\" decoding=\"async\" class=\"psp-active\" data-img=\"http:\/\/www.lesventsdanches.fr\/wp-content\/uploads\/2013\/05\/Exposition-Clarinette10.jpg\" src=\"data:image\/gif;base64,R0lGODlhAQABAIAAAAAAAP\/\/\/yH5BAEAAAAALAAAAAABAAEAAAIBRAA7\" height=\"333\" width=\"500\" alt=\"Slide 4\"><\/a>\t\t<\/div>\n\n\t\n\t\t\t\t\n\t\t\t\n\t\t<div class=\"slideshow-next slideshow-content not-first\">\n\t\t<a class=\"slideshow-next\" href=\"javascript:void(0)\" ><img loading=\"lazy\" decoding=\"async\" class=\"psp-active\" data-img=\"http:\/\/www.lesventsdanches.fr\/wp-content\/uploads\/2013\/05\/Exposition-Clarinette13.jpg\" src=\"data:image\/gif;base64,R0lGODlhAQABAIAAAAAAAP\/\/\/yH5BAEAAAAALAAAAAABAAEAAAIBRAA7\" height=\"333\" width=\"500\" alt=\"Slide 5\"><\/a>\t\t<\/div>\n\n\t\n\t\t\t\t\n\t\t\t\n\t\t<div class=\"slideshow-next slideshow-content not-first\">\n\t\t<a class=\"slideshow-next\" href=\"javascript:void(0)\" ><img loading=\"lazy\" decoding=\"async\" class=\"psp-active\" data-img=\"http:\/\/www.lesventsdanches.fr\/wp-content\/uploads\/2013\/05\/Exposition-Clarinette14.jpg\" src=\"data:image\/gif;base64,R0lGODlhAQABAIAAAAAAAP\/\/\/yH5BAEAAAAALAAAAAABAAEAAAIBRAA7\" height=\"333\" width=\"500\" alt=\"Slide 6\"><\/a>\t\t<\/div>\n\n\t\n\t\t\t\t\n\t\t\t\n\t\t<div class=\"slideshow-next slideshow-content not-first\">\n\t\t<a class=\"slideshow-next\" href=\"javascript:void(0)\" ><img loading=\"lazy\" decoding=\"async\" class=\"psp-active\" data-img=\"http:\/\/www.lesventsdanches.fr\/wp-content\/uploads\/2013\/05\/Exposition-Clarinette18.jpg\" src=\"data:image\/gif;base64,R0lGODlhAQABAIAAAAAAAP\/\/\/yH5BAEAAAAALAAAAAABAAEAAAIBRAA7\" height=\"333\" width=\"500\" alt=\"Slide 7\"><\/a>\t\t<\/div>\n\n\t\n\t\t\t\t\n\t\t\t\n\t\t<div class=\"slideshow-next slideshow-content not-first\">\n\t\t<a class=\"slideshow-next\" href=\"javascript:void(0)\" ><img loading=\"lazy\" decoding=\"async\" class=\"psp-active\" data-img=\"http:\/\/www.lesventsdanches.fr\/wp-content\/uploads\/2013\/05\/Exposition-Clarinette20.jpg\" src=\"data:image\/gif;base64,R0lGODlhAQABAIAAAAAAAP\/\/\/yH5BAEAAAAALAAAAAABAAEAAAIBRAA7\" height=\"333\" width=\"500\" alt=\"Slide 8\"><\/a>\t\t<\/div>\n\n\t\n\t\t\t\t\n\t\t\t\n\t\t<div class=\"slideshow-next slideshow-content not-first\">\n\t\t<a class=\"slideshow-next\" href=\"javascript:void(0)\" ><img loading=\"lazy\" decoding=\"async\" class=\"psp-active\" data-img=\"http:\/\/www.lesventsdanches.fr\/wp-content\/uploads\/2013\/05\/Exposition-Clarinette21.jpg\" src=\"data:image\/gif;base64,R0lGODlhAQABAIAAAAAAAP\/\/\/yH5BAEAAAAALAAAAAABAAEAAAIBRAA7\" height=\"333\" width=\"500\" alt=\"Slide 9\"><\/a>\t\t<\/div>\n\n\t\n\t\t\t\t\n\t\t\t\n\t\t<div class=\"slideshow-next slideshow-content not-first\">\n\t\t<a class=\"slideshow-next\" href=\"javascript:void(0)\" ><img loading=\"lazy\" decoding=\"async\" class=\"psp-active\" data-img=\"http:\/\/www.lesventsdanches.fr\/wp-content\/uploads\/2013\/05\/Exposition-Clarinette22.jpg\" src=\"data:image\/gif;base64,R0lGODlhAQABAIAAAAAAAP\/\/\/yH5BAEAAAAALAAAAAABAAEAAAIBRAA7\" height=\"333\" width=\"500\" alt=\"Slide 10\"><\/a>\t\t<\/div>\n\n\t\n\t\t\t\t\n\t\t\t\n\t\t<div class=\"slideshow-next slideshow-content not-first\">\n\t\t<a class=\"slideshow-next\" href=\"javascript:void(0)\" ><img loading=\"lazy\" decoding=\"async\" class=\"psp-active\" data-img=\"http:\/\/www.lesventsdanches.fr\/wp-content\/uploads\/2013\/05\/Exposition-Clarinette23.jpg\" src=\"data:image\/gif;base64,R0lGODlhAQABAIAAAAAAAP\/\/\/yH5BAEAAAAALAAAAAABAAEAAAIBRAA7\" height=\"333\" width=\"500\" alt=\"Slide 11\"><\/a>\t\t<\/div>\n\n\t\n\t\t\t\t\n\t\t\t\n\t\t<div class=\"slideshow-next slideshow-content not-first\">\n\t\t<a class=\"slideshow-next\" href=\"javascript:void(0)\" ><img loading=\"lazy\" decoding=\"async\" class=\"psp-active\" data-img=\"http:\/\/www.lesventsdanches.fr\/wp-content\/uploads\/2013\/05\/Exposition-Clarinette26.jpg\" src=\"data:image\/gif;base64,R0lGODlhAQABAIAAAAAAAP\/\/\/yH5BAEAAAAALAAAAAABAAEAAAIBRAA7\" height=\"333\" width=\"500\" alt=\"Slide 12\"><\/a>\t\t<\/div>\n\n\t\n\t\t\t\t\n\t\t\t\n\t\t<div class=\"slideshow-next slideshow-content not-first\">\n\t\t<a class=\"slideshow-next\" href=\"javascript:void(0)\" ><img loading=\"lazy\" decoding=\"async\" class=\"psp-active\" data-img=\"http:\/\/www.lesventsdanches.fr\/wp-content\/uploads\/2013\/05\/Exposition-Clarinette30.jpg\" src=\"data:image\/gif;base64,R0lGODlhAQABAIAAAAAAAP\/\/\/yH5BAEAAAAALAAAAAABAAEAAAIBRAA7\" height=\"333\" width=\"500\" alt=\"Slide 13\"><\/a>\t\t<\/div>\n\n\t<\/div>\n<div class=\"pscarousel\">\n\t<div id=\"pager203\" class=\"pager items clearfix\">\n\t\t\t<img loading=\"lazy\" decoding=\"async\" width=\"150\" height=\"150\" src=\"http:\/\/www.lesventsdanches.fr\/wp-content\/uploads\/2013\/05\/Exposition-Clarinette1-150x150.jpg\" class=\"attachment-thumbnail size-thumbnail\" alt=\"\" \/>\t\t\t<img loading=\"lazy\" decoding=\"async\" width=\"150\" height=\"150\" src=\"http:\/\/www.lesventsdanches.fr\/wp-content\/uploads\/2013\/05\/Exposition-Clarinette4-150x150.jpg\" class=\"attachment-thumbnail size-thumbnail\" alt=\"\" \/>\t\t\t<img loading=\"lazy\" decoding=\"async\" width=\"150\" height=\"150\" src=\"http:\/\/www.lesventsdanches.fr\/wp-content\/uploads\/2013\/05\/Exposition-Clarinette7-150x150.jpg\" class=\"attachment-thumbnail size-thumbnail\" alt=\"\" \/>\t\t\t<img loading=\"lazy\" decoding=\"async\" width=\"150\" height=\"150\" src=\"http:\/\/www.lesventsdanches.fr\/wp-content\/uploads\/2013\/05\/Exposition-Clarinette10-150x150.jpg\" class=\"attachment-thumbnail size-thumbnail\" alt=\"\" \/>\t\t\t<img loading=\"lazy\" decoding=\"async\" width=\"150\" height=\"150\" src=\"http:\/\/www.lesventsdanches.fr\/wp-content\/uploads\/2013\/05\/Exposition-Clarinette13-150x150.jpg\" class=\"attachment-thumbnail size-thumbnail\" alt=\"\" \/>\t\t\t<img loading=\"lazy\" decoding=\"async\" width=\"150\" height=\"150\" src=\"http:\/\/www.lesventsdanches.fr\/wp-content\/uploads\/2013\/05\/Exposition-Clarinette14-150x150.jpg\" class=\"attachment-thumbnail size-thumbnail\" alt=\"\" \/>\t\t\t<img loading=\"lazy\" decoding=\"async\" width=\"150\" height=\"150\" src=\"http:\/\/www.lesventsdanches.fr\/wp-content\/uploads\/2013\/05\/Exposition-Clarinette18-150x150.jpg\" class=\"attachment-thumbnail size-thumbnail\" alt=\"\" \/>\t\t\t<img loading=\"lazy\" decoding=\"async\" width=\"150\" height=\"150\" src=\"http:\/\/www.lesventsdanches.fr\/wp-content\/uploads\/2013\/05\/Exposition-Clarinette20-150x150.jpg\" class=\"attachment-thumbnail size-thumbnail\" alt=\"\" \/>\t\t\t<img loading=\"lazy\" decoding=\"async\" width=\"150\" height=\"150\" src=\"http:\/\/www.lesventsdanches.fr\/wp-content\/uploads\/2013\/05\/Exposition-Clarinette21-150x150.jpg\" class=\"attachment-thumbnail size-thumbnail\" alt=\"\" \/>\t\t\t<img loading=\"lazy\" decoding=\"async\" width=\"150\" height=\"150\" src=\"http:\/\/www.lesventsdanches.fr\/wp-content\/uploads\/2013\/05\/Exposition-Clarinette22-150x150.jpg\" class=\"attachment-thumbnail size-thumbnail\" alt=\"\" \/>\t\t\t<img loading=\"lazy\" decoding=\"async\" width=\"150\" height=\"150\" src=\"http:\/\/www.lesventsdanches.fr\/wp-content\/uploads\/2013\/05\/Exposition-Clarinette23-150x150.jpg\" class=\"attachment-thumbnail size-thumbnail\" alt=\"\" \/>\t\t\t<img loading=\"lazy\" decoding=\"async\" width=\"150\" height=\"150\" src=\"http:\/\/www.lesventsdanches.fr\/wp-content\/uploads\/2013\/05\/Exposition-Clarinette26-150x150.jpg\" class=\"attachment-thumbnail size-thumbnail\" alt=\"\" \/>\t\t\t<img loading=\"lazy\" decoding=\"async\" width=\"150\" height=\"150\" src=\"http:\/\/www.lesventsdanches.fr\/wp-content\/uploads\/2013\/05\/Exposition-Clarinette30-150x150.jpg\" class=\"attachment-thumbnail size-thumbnail\" alt=\"\" \/>\t\t<\/div>\n<\/div><\/div><!--#slideshow-wrapper--><\/span><\/p>\n<p style=\"text-align: justify;\">Si cela vous int\u00e9resse, n&rsquo;h\u00e9sitez pas \u00e0 nous <strong>demander l&rsquo;installation de cette mini-expo sur la clarinette<\/strong> (emplacement et table requise), pour en savoir plus sur sa fabrication et le savoir-faire li\u00e9 \u00e0 cet instrument.<\/p>\n<p style=\"text-align: justify;\">Par ailleurs, nous sommes tr\u00e8s sensibles \u00e0 ce que la musique devienne toujours plus accessible, notamment aupr\u00e8s des jeunes enfants. Nous participons ainsi p\u00e9riodiquement, et \u00e0 la demande, \u00e0 des <strong>interventions musicales en milieu scolaire<\/strong> (\u00e9cole primaire et coll\u00e8ge): pour faire d\u00e9couvrir et initier \u00e0 la musique\u00a0<span style=\"line-height: 1.714285714; font-size: 1rem;\">p<\/span>ar l&rsquo;interm\u00e9diaire de la clarinette.<\/p>\n<div id=\"wp_fb_like_button\" style=\"margin:5px 5px 5px 0;float:left;height:100px;\"><script src=\"http:\/\/connect.facebook.net\/en_US\/all.js#xfbml=1\"><\/script><fb:like href=\"http:\/\/www.lesventsdanches.fr\/ensemble-de-clarinettes\/exposition-clarinette\/\" send=\"true\" layout=\"standard\" width=\"400\" show_faces=\"false\" font=\"arial\" action=\"like\" colorscheme=\"light\"><\/fb:like><\/div>","protected":false},"excerpt":{"rendered":"<p>Que diriez-vous d&rsquo;agr\u00e9menter les concerts par une petite exposition \u00ab\u00a0p\u00e9dagogique\u00a0\u00bb sur la clarinette ?<\/p>\n","protected":false},"author":2,"featured_media":0,"parent":0,"menu_order":0,"comment_status":"closed","ping_status":"open","template":"","meta":{"jetpack_post_was_ever_published":false,"footnotes":""},"class_list":["post-54","page","type-page","status-publish","hentry"],"yoast_head":"<!-- This site is optimized with the Yoast SEO plugin v22.1 - https:\/\/yoast.com\/wordpress\/plugins\/seo\/ -->\n<title>Exposition clarinette - Les Vents d&#039;Anches<\/title>\n<meta name=\"description\" content=\"Les Vents d&#039;Anches vous proposent une petite exposition sur le th\u00e8me de la clarinette, \u00e0 la demande, pendant l&#039;entracte et\/ ou apr\u00e8s les repr\u00e9sentations.\" \/>\n<meta name=\"robots\" content=\"index, follow, max-snippet:-1, max-image-preview:large, max-video-preview:-1\" \/>\n<link rel=\"canonical\" href=\"http:\/\/www.lesventsdanches.fr\/ensemble-de-clarinettes\/exposition-clarinette\/\" \/>\n<link rel=\"next\" href=\"http:\/\/www.lesventsdanches.fr\/ensemble-de-clarinettes\/exposition-clarinette\/2\/\" \/>\n<meta property=\"og:locale\" content=\"fr_FR\" \/>\n<meta property=\"og:type\" content=\"article\" \/>\n<meta property=\"og:title\" content=\"Exposition clarinette - Les Vents d&#039;Anches\" \/>\n<meta property=\"og:description\" content=\"Les Vents d&#039;Anches vous proposent une petite exposition sur le th\u00e8me de la clarinette, \u00e0 la demande, pendant l&#039;entracte et\/ ou apr\u00e8s les repr\u00e9sentations.\" \/>\n<meta property=\"og:url\" content=\"http:\/\/www.lesventsdanches.fr\/ensemble-de-clarinettes\/exposition-clarinette\/\" \/>\n<meta property=\"og:site_name\" content=\"Les Vents d&#039;Anches\" \/>\n<meta property=\"article:modified_time\" content=\"2013-05-31T22:11:09+00:00\" \/>\n<meta name=\"twitter:label1\" content=\"Dur\u00e9e de lecture estim\u00e9e\" \/>\n\t<meta name=\"twitter:data1\" content=\"1 minute\" \/>\n<script type=\"application\/ld+json\" class=\"yoast-schema-graph\">{\"@context\":\"https:\/\/schema.org\",\"@graph\":[{\"@type\":\"WebPage\",\"@id\":\"http:\/\/www.lesventsdanches.fr\/ensemble-de-clarinettes\/exposition-clarinette\/\",\"url\":\"http:\/\/www.lesventsdanches.fr\/ensemble-de-clarinettes\/exposition-clarinette\/\",\"name\":\"Exposition clarinette - Les Vents d&#039;Anches\",\"isPartOf\":{\"@id\":\"http:\/\/www.lesventsdanches.fr\/ensemble-de-clarinettes\/#website\"},\"datePublished\":\"2013-05-21T16:46:23+00:00\",\"dateModified\":\"2013-05-31T22:11:09+00:00\",\"description\":\"Les Vents d'Anches vous proposent une petite exposition sur le th\u00e8me de la clarinette, \u00e0 la demande, pendant l'entracte et\/ ou apr\u00e8s les repr\u00e9sentations.\",\"inLanguage\":\"fr-FR\",\"potentialAction\":[{\"@type\":\"ReadAction\",\"target\":[\"http:\/\/www.lesventsdanches.fr\/ensemble-de-clarinettes\/exposition-clarinette\/\"]}]},{\"@type\":\"WebSite\",\"@id\":\"http:\/\/www.lesventsdanches.fr\/ensemble-de-clarinettes\/#website\",\"url\":\"http:\/\/www.lesventsdanches.fr\/ensemble-de-clarinettes\/\",\"name\":\"Les Vents d&#039;Anches\",\"description\":\"Ensemble de clarinettes\",\"potentialAction\":[{\"@type\":\"SearchAction\",\"target\":{\"@type\":\"EntryPoint\",\"urlTemplate\":\"http:\/\/www.lesventsdanches.fr\/ensemble-de-clarinettes\/?s={search_term_string}\"},\"query-input\":\"required name=search_term_string\"}],\"inLanguage\":\"fr-FR\"}]}<\/script>\n<!-- \/ Yoast SEO plugin. -->","yoast_head_json":{"title":"Exposition clarinette - Les Vents d&#039;Anches","description":"Les Vents d'Anches vous proposent une petite exposition sur le th\u00e8me de la clarinette, \u00e0 la demande, pendant l'entracte et\/ ou apr\u00e8s les repr\u00e9sentations.","robots":{"index":"index","follow":"follow","max-snippet":"max-snippet:-1","max-image-preview":"max-image-preview:large","max-video-preview":"max-video-preview:-1"},"canonical":"http:\/\/www.lesventsdanches.fr\/ensemble-de-clarinettes\/exposition-clarinette\/","next":"http:\/\/www.lesventsdanches.fr\/ensemble-de-clarinettes\/exposition-clarinette\/2\/","og_locale":"fr_FR","og_type":"article","og_title":"Exposition clarinette - Les Vents d&#039;Anches","og_description":"Les Vents d'Anches vous proposent une petite exposition sur le th\u00e8me de la clarinette, \u00e0 la demande, pendant l'entracte et\/ ou apr\u00e8s les repr\u00e9sentations.","og_url":"http:\/\/www.lesventsdanches.fr\/ensemble-de-clarinettes\/exposition-clarinette\/","og_site_name":"Les Vents d&#039;Anches","article_modified_time":"2013-05-31T22:11:09+00:00","twitter_misc":{"Dur\u00e9e de lecture estim\u00e9e":"1 minute"},"schema":{"@context":"https:\/\/schema.org","@graph":[{"@type":"WebPage","@id":"http:\/\/www.lesventsdanches.fr\/ensemble-de-clarinettes\/exposition-clarinette\/","url":"http:\/\/www.lesventsdanches.fr\/ensemble-de-clarinettes\/exposition-clarinette\/","name":"Exposition clarinette - Les Vents d&#039;Anches","isPartOf":{"@id":"http:\/\/www.lesventsdanches.fr\/ensemble-de-clarinettes\/#website"},"datePublished":"2013-05-21T16:46:23+00:00","dateModified":"2013-05-31T22:11:09+00:00","description":"Les Vents d'Anches vous proposent une petite exposition sur le th\u00e8me de la clarinette, \u00e0 la demande, pendant l'entracte et\/ ou apr\u00e8s les repr\u00e9sentations.","inLanguage":"fr-FR","potentialAction":[{"@type":"ReadAction","target":["http:\/\/www.lesventsdanches.fr\/ensemble-de-clarinettes\/exposition-clarinette\/"]}]},{"@type":"WebSite","@id":"http:\/\/www.lesventsdanches.fr\/ensemble-de-clarinettes\/#website","url":"http:\/\/www.lesventsdanches.fr\/ensemble-de-clarinettes\/","name":"Les Vents d&#039;Anches","description":"Ensemble de clarinettes","potentialAction":[{"@type":"SearchAction","target":{"@type":"EntryPoint","urlTemplate":"http:\/\/www.lesventsdanches.fr\/ensemble-de-clarinettes\/?s={search_term_string}"},"query-input":"required name=search_term_string"}],"inLanguage":"fr-FR"}]}},"jetpack_sharing_enabled":true,"jetpack_shortlink":"https:\/\/wp.me\/P8bxUG-S","_links":{"self":[{"href":"http:\/\/www.lesventsdanches.fr\/ensemble-de-clarinettes\/wp-json\/wp\/v2\/pages\/54","targetHints":{"allow":["GET"]}}],"collection":[{"href":"http:\/\/www.lesventsdanches.fr\/ensemble-de-clarinettes\/wp-json\/wp\/v2\/pages"}],"about":[{"href":"http:\/\/www.lesventsdanches.fr\/ensemble-de-clarinettes\/wp-json\/wp\/v2\/types\/page"}],"author":[{"embeddable":true,"href":"http:\/\/www.lesventsdanches.fr\/ensemble-de-clarinettes\/wp-json\/wp\/v2\/users\/2"}],"replies":[{"embeddable":true,"href":"http:\/\/www.lesventsdanches.fr\/ensemble-de-clarinettes\/wp-json\/wp\/v2\/comments?post=54"}],"version-history":[{"count":45,"href":"http:\/\/www.lesventsdanches.fr\/ensemble-de-clarinettes\/wp-json\/wp\/v2\/pages\/54\/revisions"}],"predecessor-version":[{"id":129,"href":"http:\/\/www.lesventsdanches.fr\/ensemble-de-clarinettes\/wp-json\/wp\/v2\/pages\/54\/revisions\/129"}],"wp:attachment":[{"href":"http:\/\/www.lesventsdanches.fr\/ensemble-de-clarinettes\/wp-json\/wp\/v2\/media?parent=54"}],"curies":[{"name":"wp","href":"https:\/\/api.w.org\/{rel}","templated":true}]}}